{"id":150,"date":"2018-09-29T13:12:54","date_gmt":"2018-09-29T11:12:54","guid":{"rendered":"http:\/\/www.eclat-de-linstant.fr\/index.php\/about-elementor\/"},"modified":"2023-06-14T22:24:14","modified_gmt":"2023-06-14T20:24:14","slug":"a-propos","status":"publish","type":"page","link":"https:\/\/www.eclat-de-linstant.fr\/index.php\/a-propos\/","title":{"rendered":"A PROPOS"},"content":{"rendered":"\t\t<div data-elementor-type=\"wp-post\" data-elementor-id=\"150\" class=\"elementor elementor-150\">\n\t\t\t\t\t\t<div class=\"elementor-inner\">\n\t\t\t\t<div class=\"elementor-section-wrap\">\n\t\t\t\t\t\t\t\t\t<section class=\"elementor-section elementor-top-section elementor-element elementor-element-347725da elementor-section-stretched elementor-section-full_width elementor-section-height-default elementor-section-height-default\" data-id=\"347725da\" data-element_type=\"section\" data-settings=\"{&quot;stretch_section&quot;:&quot;section-stretched&quot;}\">\n\t\t\t\t\t\t<div class=\"elementor-container elementor-column-gap-default\">\n\t\t\t\t\t\t\t<div class=\"elementor-row\">\n\t\t\t\t\t<div class=\"aux-parallax-section elementor-column elementor-col-100 elementor-top-column elementor-element elementor-element-6d71a900\" data-id=\"6d71a900\" data-element_type=\"column\">\n\t\t\t<div class=\"elementor-column-wrap\">\n\t\t\t\t\t\t\t<div class=\"elementor-widget-wrap\">\n\t\t\t\t\t\t\t\t<\/div>\n\t\t\t\t\t<\/div>\n\t\t<\/div>\n\t\t\t\t\t\t\t\t<\/div>\n\t\t\t\t\t<\/div>\n\t\t<\/section>\n\t\t\t\t<section class=\"elementor-section elementor-top-section elementor-element elementor-element-3bcd085 elementor-section-stretched elementor-section-boxed elementor-section-height-default elementor-section-height-default\" data-id=\"3bcd085\" data-element_type=\"section\" data-settings=\"{&quot;stretch_section&quot;:&quot;section-stretched&quot;,&quot;background_background&quot;:&quot;classic&quot;}\">\n\t\t\t\t\t\t<div class=\"elementor-container elementor-column-gap-default\">\n\t\t\t\t\t\t\t<div class=\"elementor-row\">\n\t\t\t\t\t<div class=\"aux-parallax-section elementor-column elementor-col-100 elementor-top-column elementor-element elementor-element-f22252c\" data-id=\"f22252c\" data-element_type=\"column\">\n\t\t\t<div class=\"elementor-column-wrap elementor-element-populated\">\n\t\t\t\t\t\t\t<div class=\"elementor-widget-wrap\">\n\t\t\t\t\t\t<div class=\"elementor-element elementor-element-15918ff elementor-widget elementor-widget-heading\" data-id=\"15918ff\" data-element_type=\"widget\" data-widget_type=\"heading.default\">\n\t\t\t\t<div class=\"elementor-widget-container\">\n\t\t\t<h2 class=\"elementor-heading-title elementor-size-default\">LE PROJET ECLAT DE L'INSTANT<\/h2>\t\t<\/div>\n\t\t\t\t<\/div>\n\t\t\t\t<div class=\"elementor-element elementor-element-d6244d3 elementor-widget elementor-widget-text-editor\" data-id=\"d6244d3\" data-element_type=\"widget\" data-widget_type=\"text-editor.default\">\n\t\t\t\t<div class=\"elementor-widget-container\">\n\t\t\t\t\t\t\t\t<div class=\"elementor-text-editor elementor-clearfix\">\n\t\t\t\t<p>Notre histoire arrive \u00e0 la fin d&#8217;un cycle.<\/p><p>Notre monde craque, se fissure et l&#8217;humanit\u00e9 commence \u00e0 prendre la mesure de ce qui est l\u00e0 depuis d\u00e9j\u00e0 un moment. \u00c0 l&#8217;\u00e9chelle plan\u00e9taire, nous vivons des catastrophes \u00e9cologiques, fractures sociales, pression professionnelle, perte de sens, souffrance morale et psychique, catastrophes sanitaires, corruption, injustice, \u2026 Face \u00e0 ce syst\u00e8me mondial qui participe \u00e0 la destruction du vivant sous toutes ses formes, nous sommes aujourd&#8217;hui appel\u00e9s \u00e0 changer en profondeur.<\/p><p>Les changements qui ont eu lieu dans l&#8217;histoire de l&#8217;humanit\u00e9 ont le plus souvent emprunt\u00e9 &#8220;la voie de l&#8217;ext\u00e9rieur&#8221;. C&#8217;est-\u00e0-dire une mise au dehors de nos \u00e9motions int\u00e9rieures dites n\u00e9gatives, manifestant des actions telles que le rejet, le jugement, la r\u00e9volte, le combat, la violence, la course \u00e0 l&#8217;armement, l&#8217;an\u00e9antissement, \u2026<\/p><p>Le projet &#8220;ECLAT DE L&#8217;INSTANT&#8221; est n\u00e9 de ce constat. Un changement en profondeur ne peut pas se produire en ignorant une autre voie, &#8220;celle de l&#8217;int\u00e9rieur&#8221;. La voie int\u00e9rieure consiste \u00e0 tourner le regard vers notre int\u00e9riorit\u00e9 pour transmuter nos \u00e9motions n\u00e9gatives de sorte \u00e0 nous lib\u00e9rer de ce qui nous cloisonne, nous conditionne et nous limite. Arr\u00eater de chercher un responsable et regarder o\u00f9 est la peur en nous ? o\u00f9 est la violence ? o\u00f9 est la tristesse ? Nous ne pouvons \u00eatre libres sans aller visiter ce qui nous emp\u00eatre et nous enchaine. Nous ne pouvons pas contacter la joie sans regarder notre tristesse et la laisser peu \u00e0 peu se lib\u00e9rer dans la lumi\u00e8re. Nous ne pouvons pas contacter l&#8217;amour sans accepter de regarder la haine, sans aucun jugement.<\/p><p>Aujourd&#8217;hui nous avons \u00e0 en finir avec nos conditionnements, nos croyances, nos limitations, nos fonctionnements, nos mythes personnels, familiaux, soci\u00e9taux \u2026 avec tout ce qui nous fait croire que nous n&#8217;avons pas d&#8217;autre choix que ce que nous exp\u00e9rimentons du monde ext\u00e9rieur. Notre voie est de proposer sous diverses formes (\u00e9v\u00e8nements, enseignements, initiations,\u2026) des pratiques permettant de tourner notre regard \u00e0 l&#8217;int\u00e9rieur afin de r\u00e9unir nos polarit\u00e9s sombres et lumineuses, yin et yang, et les mettre au service de l&#8217;unit\u00e9.<\/p>\t\t\t\t\t<\/div>\n\t\t\t\t\t\t<\/div>\n\t\t\t\t<\/div>\n\t\t\t\t\t\t<\/div>\n\t\t\t\t\t<\/div>\n\t\t<\/div>\n\t\t\t\t\t\t\t\t<\/div>\n\t\t\t\t\t<\/div>\n\t\t<\/section>\n\t\t\t\t<section class=\"elementor-section elementor-top-section elementor-element elementor-element-005f44d elementor-section-boxed elementor-section-height-default elementor-section-height-default\" data-id=\"005f44d\" data-element_type=\"section\">\n\t\t\t\t\t\t<div class=\"elementor-container elementor-column-gap-default\">\n\t\t\t\t\t\t\t<div class=\"elementor-row\">\n\t\t\t\t\t<div class=\"aux-parallax-section elementor-column elementor-col-100 elementor-top-column elementor-element elementor-element-e963809\" data-id=\"e963809\" data-element_type=\"column\">\n\t\t\t<div class=\"elementor-column-wrap elementor-element-populated\">\n\t\t\t\t\t\t\t<div class=\"elementor-widget-wrap\">\n\t\t\t\t\t\t<div class=\"elementor-element elementor-element-185ab5a elementor-widget elementor-widget-heading\" data-id=\"185ab5a\" data-element_type=\"widget\" data-widget_type=\"heading.default\">\n\t\t\t\t<div class=\"elementor-widget-container\">\n\t\t\t<h2 class=\"elementor-heading-title elementor-size-default\">QUI SOMMES-NOUS ?<\/h2>\t\t<\/div>\n\t\t\t\t<\/div>\n\t\t\t\t\t\t<\/div>\n\t\t\t\t\t<\/div>\n\t\t<\/div>\n\t\t\t\t\t\t\t\t<\/div>\n\t\t\t\t\t<\/div>\n\t\t<\/section>\n\t\t\t\t<section class=\"elementor-section elementor-top-section elementor-element elementor-element-7aa282ee elementor-section-content-middle elementor-section-boxed elementor-section-height-default elementor-section-height-default\" data-id=\"7aa282ee\" data-element_type=\"section\">\n\t\t\t\t\t\t<div class=\"elementor-container elementor-column-gap-no\">\n\t\t\t\t\t\t\t<div class=\"elementor-row\">\n\t\t\t\t\t<div class=\"aux-parallax-section elementor-column elementor-col-25 elementor-top-column elementor-element elementor-element-538ae1a\" data-id=\"538ae1a\" data-element_type=\"column\">\n\t\t\t<div class=\"elementor-column-wrap\">\n\t\t\t\t\t\t\t<div class=\"elementor-widget-wrap\">\n\t\t\t\t\t\t\t\t<\/div>\n\t\t\t\t\t<\/div>\n\t\t<\/div>\n\t\t\t\t<div class=\"aux-parallax-section elementor-column elementor-col-25 elementor-top-column elementor-element elementor-element-3204752\" data-id=\"3204752\" data-element_type=\"column\">\n\t\t\t<div class=\"elementor-column-wrap elementor-element-populated\">\n\t\t\t\t\t\t\t<div class=\"elementor-widget-wrap\">\n\t\t\t\t\t\t<div class=\"elementor-element elementor-element-04815c4 elementor-widget elementor-widget-image\" data-id=\"04815c4\" data-element_type=\"widget\" data-widget_type=\"image.default\">\n\t\t\t\t<div class=\"elementor-widget-container\">\n\t\t\t\t\t\t\t\t<div class=\"elementor-image\">\n\t\t\t\t\t\t\t\t\t\t\t\t<img loading=\"lazy\" decoding=\"async\" width=\"600\" height=\"600\" src=\"https:\/\/www.eclat-de-linstant.fr\/wp-content\/uploads\/2023\/06\/Nadeige-2022-2.png\" class=\"attachment-large size-large\" alt=\"\" srcset=\"https:\/\/www.eclat-de-linstant.fr\/wp-content\/uploads\/2023\/06\/Nadeige-2022-2.png 600w, https:\/\/www.eclat-de-linstant.fr\/wp-content\/uploads\/2023\/06\/Nadeige-2022-2-300x300.png 300w, https:\/\/www.eclat-de-linstant.fr\/wp-content\/uploads\/2023\/06\/Nadeige-2022-2-150x150.png 150w\" sizes=\"auto, (max-width: 600px) 100vw, 600px\" \/>\t\t\t\t\t\t\t\t\t\t\t\t\t\t<\/div>\n\t\t\t\t\t\t<\/div>\n\t\t\t\t<\/div>\n\t\t\t\t\t\t<\/div>\n\t\t\t\t\t<\/div>\n\t\t<\/div>\n\t\t\t\t<div class=\"aux-parallax-section elementor-column elementor-col-25 elementor-top-column elementor-element elementor-element-6fb38c27\" data-id=\"6fb38c27\" data-element_type=\"column\">\n\t\t\t<div class=\"elementor-column-wrap elementor-element-populated\">\n\t\t\t\t\t\t\t<div class=\"elementor-widget-wrap\">\n\t\t\t\t\t\t<div class=\"elementor-element elementor-element-36979a8 elementor-widget elementor-widget-image\" data-id=\"36979a8\" data-element_type=\"widget\" data-widget_type=\"image.default\">\n\t\t\t\t<div class=\"elementor-widget-container\">\n\t\t\t\t\t\t\t\t<div class=\"elementor-image\">\n\t\t\t\t\t\t\t\t\t\t\t\t<img loading=\"lazy\" decoding=\"async\" width=\"600\" height=\"600\" src=\"https:\/\/www.eclat-de-linstant.fr\/wp-content\/uploads\/2017\/05\/Marie-Anne-Malet_Eclat-de-linstant.jpg\" class=\"attachment-large size-large\" alt=\"\" srcset=\"https:\/\/www.eclat-de-linstant.fr\/wp-content\/uploads\/2017\/05\/Marie-Anne-Malet_Eclat-de-linstant.jpg 600w, https:\/\/www.eclat-de-linstant.fr\/wp-content\/uploads\/2017\/05\/Marie-Anne-Malet_Eclat-de-linstant-150x150.jpg 150w, https:\/\/www.eclat-de-linstant.fr\/wp-content\/uploads\/2017\/05\/Marie-Anne-Malet_Eclat-de-linstant-300x300.jpg 300w\" sizes=\"auto, (max-width: 600px) 100vw, 600px\" \/>\t\t\t\t\t\t\t\t\t\t\t\t\t\t<\/div>\n\t\t\t\t\t\t<\/div>\n\t\t\t\t<\/div>\n\t\t\t\t\t\t<\/div>\n\t\t\t\t\t<\/div>\n\t\t<\/div>\n\t\t\t\t<div class=\"aux-parallax-section elementor-column elementor-col-25 elementor-top-column elementor-element elementor-element-779ad92d\" data-id=\"779ad92d\" data-element_type=\"column\">\n\t\t\t<div class=\"elementor-column-wrap\">\n\t\t\t\t\t\t\t<div class=\"elementor-widget-wrap\">\n\t\t\t\t\t\t\t\t<\/div>\n\t\t\t\t\t<\/div>\n\t\t<\/div>\n\t\t\t\t\t\t\t\t<\/div>\n\t\t\t\t\t<\/div>\n\t\t<\/section>\n\t\t\t\t<section class=\"elementor-section elementor-top-section elementor-element elementor-element-c03b1ea elementor-section-boxed elementor-section-height-default elementor-section-height-default\" data-id=\"c03b1ea\" data-element_type=\"section\">\n\t\t\t\t\t\t<div class=\"elementor-container elementor-column-gap-default\">\n\t\t\t\t\t\t\t<div class=\"elementor-row\">\n\t\t\t\t\t<div class=\"aux-parallax-section elementor-column elementor-col-100 elementor-top-column elementor-element elementor-element-9971587\" data-id=\"9971587\" data-element_type=\"column\">\n\t\t\t<div class=\"elementor-column-wrap elementor-element-populated\">\n\t\t\t\t\t\t\t<div class=\"elementor-widget-wrap\">\n\t\t\t\t\t\t<div class=\"elementor-element elementor-element-f931eb4 elementor-widget elementor-widget-heading\" data-id=\"f931eb4\" data-element_type=\"widget\" data-widget_type=\"heading.default\">\n\t\t\t\t<div class=\"elementor-widget-container\">\n\t\t\t<h2 class=\"elementor-heading-title elementor-size-default\">co-fondatrices<\/h2>\t\t<\/div>\n\t\t\t\t<\/div>\n\t\t\t\t<div class=\"elementor-element elementor-element-3443f38 elementor-widget elementor-widget-spacer\" data-id=\"3443f38\" data-element_type=\"widget\" data-widget_type=\"spacer.default\">\n\t\t\t\t<div class=\"elementor-widget-container\">\n\t\t\t\t\t<div class=\"elementor-spacer\">\n\t\t\t<div class=\"elementor-spacer-inner\"><\/div>\n\t\t<\/div>\n\t\t\t\t<\/div>\n\t\t\t\t<\/div>\n\t\t\t\t\t\t<\/div>\n\t\t\t\t\t<\/div>\n\t\t<\/div>\n\t\t\t\t\t\t\t\t<\/div>\n\t\t\t\t\t<\/div>\n\t\t<\/section>\n\t\t\t\t<section class=\"elementor-section elementor-top-section elementor-element elementor-element-486f2bf elementor-section-boxed elementor-section-height-default elementor-section-height-default\" data-id=\"486f2bf\" data-element_type=\"section\">\n\t\t\t\t\t\t<div class=\"elementor-container elementor-column-gap-default\">\n\t\t\t\t\t\t\t<div class=\"elementor-row\">\n\t\t\t\t\t<div class=\"aux-parallax-section elementor-column elementor-col-50 elementor-top-column elementor-element elementor-element-d69de6e\" data-id=\"d69de6e\" data-element_type=\"column\">\n\t\t\t<div class=\"elementor-column-wrap elementor-element-populated\">\n\t\t\t\t\t\t\t<div class=\"elementor-widget-wrap\">\n\t\t\t\t\t\t<div class=\"elementor-element elementor-element-d9efa91 elementor-widget elementor-widget-heading\" data-id=\"d9efa91\" data-element_type=\"widget\" data-widget_type=\"heading.default\">\n\t\t\t\t<div class=\"elementor-widget-container\">\n\t\t\t<h2 class=\"elementor-heading-title elementor-size-default\">CONCEPTION \/ ORGANISATION \/ INTERVENTION <\/h2>\t\t<\/div>\n\t\t\t\t<\/div>\n\t\t\t\t<div class=\"elementor-element elementor-element-86921da elementor-widget elementor-widget-text-editor\" data-id=\"86921da\" data-element_type=\"widget\" data-widget_type=\"text-editor.default\">\n\t\t\t\t<div class=\"elementor-widget-container\">\n\t\t\t\t\t\t\t\t<div class=\"elementor-text-editor elementor-clearfix\">\n\t\t\t\t<p>NADEIGE IMBERT COUSINI\u00c9<\/p>\t\t\t\t\t<\/div>\n\t\t\t\t\t\t<\/div>\n\t\t\t\t<\/div>\n\t\t\t\t\t\t<\/div>\n\t\t\t\t\t<\/div>\n\t\t<\/div>\n\t\t\t\t<div class=\"aux-parallax-section elementor-column elementor-col-50 elementor-top-column elementor-element elementor-element-28aa1dd\" data-id=\"28aa1dd\" data-element_type=\"column\">\n\t\t\t<div class=\"elementor-column-wrap elementor-element-populated\">\n\t\t\t\t\t\t\t<div class=\"elementor-widget-wrap\">\n\t\t\t\t\t\t<div class=\"elementor-element elementor-element-7fc0bce elementor-widget elementor-widget-heading\" data-id=\"7fc0bce\" data-element_type=\"widget\" data-widget_type=\"heading.default\">\n\t\t\t\t<div class=\"elementor-widget-container\">\n\t\t\t<h2 class=\"elementor-heading-title elementor-size-default\">PR\u00c9SIDENTE \/ SOUTIEN AMICAL\n<\/h2>\t\t<\/div>\n\t\t\t\t<\/div>\n\t\t\t\t<div class=\"elementor-element elementor-element-9711018 elementor-widget elementor-widget-text-editor\" data-id=\"9711018\" data-element_type=\"widget\" data-widget_type=\"text-editor.default\">\n\t\t\t\t<div class=\"elementor-widget-container\">\n\t\t\t\t\t\t\t\t<div class=\"elementor-text-editor elementor-clearfix\">\n\t\t\t\t<p>MARIE-ANNE MALET<\/p>\t\t\t\t\t<\/div>\n\t\t\t\t\t\t<\/div>\n\t\t\t\t<\/div>\n\t\t\t\t\t\t<\/div>\n\t\t\t\t\t<\/div>\n\t\t<\/div>\n\t\t\t\t\t\t\t\t<\/div>\n\t\t\t\t\t<\/div>\n\t\t<\/section>\n\t\t\t\t\t\t\t\t\t<\/div>\n\t\t\t<\/div>\n\t\t\t\t\t<\/div>\n\t\t","protected":false},"excerpt":{"rendered":"<p>LE PROJET ECLAT DE L&#8217;INSTANT Notre histoire arrive \u00e0 la fin d&#8217;un cycle. Notre monde craque, se fissure et l&#8217;humanit\u00e9 commence \u00e0 prendre la mesure de ce qui est l\u00e0 depuis d\u00e9j\u00e0 un moment. \u00c0 l&#8217;\u00e9chelle plan\u00e9taire, nous vivons des catastrophes \u00e9cologiques, fractures sociales, pression professionnelle, perte de sens, souffrance morale et psychique, catastrophes sanitaires, [&hellip;]<\/p>\n","protected":false},"author":1,"featured_media":0,"parent":0,"menu_order":0,"comment_status":"closed","ping_status":"closed","template":"","meta":{"footnotes":""},"class_list":["post-150","page","type-page","status-publish","hentry"],"_links":{"self":[{"href":"https:\/\/www.eclat-de-linstant.fr\/index.php\/wp-json\/wp\/v2\/pages\/150","targetHints":{"allow":["GET"]}}],"collection":[{"href":"https:\/\/www.eclat-de-linstant.fr\/index.php\/wp-json\/wp\/v2\/pages"}],"about":[{"href":"https:\/\/www.eclat-de-linstant.fr\/index.php\/wp-json\/wp\/v2\/types\/page"}],"author":[{"embeddable":true,"href":"https:\/\/www.eclat-de-linstant.fr\/index.php\/wp-json\/wp\/v2\/users\/1"}],"replies":[{"embeddable":true,"href":"https:\/\/www.eclat-de-linstant.fr\/index.php\/wp-json\/wp\/v2\/comments?post=150"}],"version-history":[{"count":28,"href":"https:\/\/www.eclat-de-linstant.fr\/index.php\/wp-json\/wp\/v2\/pages\/150\/revisions"}],"predecessor-version":[{"id":2824,"href":"https:\/\/www.eclat-de-linstant.fr\/index.php\/wp-json\/wp\/v2\/pages\/150\/revisions\/2824"}],"wp:attachment":[{"href":"https:\/\/www.eclat-de-linstant.fr\/index.php\/wp-json\/wp\/v2\/media?parent=150"}],"curies":[{"name":"wp","href":"https:\/\/api.w.org\/{rel}","templated":true}]}}